{"id":200,"date":"2022-02-25T13:38:48","date_gmt":"2022-02-25T16:38:48","guid":{"rendered":"http:\/\/oficinadamoda.com.br\/brecho\/?post_type=product&#038;p=200"},"modified":"2022-03-12T17:01:38","modified_gmt":"2022-03-12T20:01:38","slug":"jogo-war-primeira-edicao","status":"publish","type":"product","link":"http:\/\/oficinadamoda.com.br\/brecho\/produto\/jogo-war-primeira-edicao\/","title":{"rendered":"Jogo War &#8211;  Primeira edi\u00e7\u00e3o 1978"},"content":{"rendered":"\t\t<div data-elementor-type=\"wp-post\" data-elementor-id=\"200\" class=\"elementor elementor-200\" data-elementor-settings=\"[]\">\n\t\t\t\t\t\t\t<div class=\"elementor-section-wrap\">\n\t\t\t\t\t\t\t<section class=\"elementor-section elementor-top-section elementor-element elementor-element-c55e144 elementor-section-boxed elementor-section-height-default elementor-section-height-default\" data-id=\"c55e144\" data-element_type=\"section\">\n\t\t\t\t\t\t<div class=\"elementor-container elementor-column-gap-default\">\n\t\t\t\t\t<div class=\"elementor-column elementor-col-100 elementor-top-column elementor-element elementor-element-6ad28af\" data-id=\"6ad28af\" data-element_type=\"column\">\n\t\t\t<div class=\"elementor-widget-wrap elementor-element-populated\">\n\t\t\t\t\t\t\t\t<div class=\"elementor-element elementor-element-409d9e6 elementor-widget elementor-widget-text-editor\" data-id=\"409d9e6\" data-element_type=\"widget\" data-widget_type=\"text-editor.default\">\n\t\t\t\t<div class=\"elementor-widget-container\">\n\t\t\t<style>\/*! elementor - v3.5.5 - 03-02-2022 *\/\n.elementor-widget-text-editor.elementor-drop-cap-view-stacked .elementor-drop-cap{background-color:#818a91;color:#fff}.elementor-widget-text-editor.elementor-drop-cap-view-framed .elementor-drop-cap{color:#818a91;border:3px solid;background-color:transparent}.elementor-widget-text-editor:not(.elementor-drop-cap-view-default) .elementor-drop-cap{margin-top:8px}.elementor-widget-text-editor:not(.elementor-drop-cap-view-default) .elementor-drop-cap-letter{width:1em;height:1em}.elementor-widget-text-editor .elementor-drop-cap{float:left;text-align:center;line-height:1;font-size:50px}.elementor-widget-text-editor .elementor-drop-cap-letter{display:inline-block}<\/style>\t\t\t\t<p>War \u00e9 um jogo de tabuleiro de guerra e estrat\u00e9gia, lan\u00e7ado no Brasil pela empresa Grow em 1971, baseado no jogo americano &#8220;Risco&#8221; (do ingl\u00eas: &#8220;Risk&#8221; de Albert Lamorisse).<\/p><p>O jogo ocupa a 13 381\u00aa posi\u00e7\u00e3o no ranking do Board Game Geek, o site especializado em jogos de taubleiro.<\/p><p><strong>Componentes do jogo War<br \/><\/strong><br \/>O jogo \u00e9 composto por:<br \/>&#8211; Um tabuleiro com um mapa contendo 6 territ\u00f3rios.<br \/>&#8211; 6 conjuntos de pe\u00e7as de cores diferentes (ex\u00e9rcitos dos jogadores).<\/p><p><strong>O valor -de cada pe\u00e7a do jogo \u00e9 de :<\/strong><\/p><p>&#8211; 1 ficha pequena = 1 ex\u00e9rcito<br \/>&#8211; 1 ficha grande = 10 ex\u00e9rcitos<br \/>&#8211; 6 caixas pl\u00e1sticas que s\u00e3o usadas individualmente.<br \/>&#8211; 14 cartas especiais: cartas de miss\u00f5es secretas<br \/>&#8211; 44 cartas de jogo, sendo:<br \/>&#8211; 42 representando cada um territ\u00f3rio combinado com uma figura geom\u00e9trica (quadrado, tri\u00e2ngulo e c\u00edrculo);<br \/>&#8211; 2 coringas (contendo as 3 figuras geom\u00e9tricas).<\/p><p><strong>O jogo possui 6 dados, sendo:<\/strong><\/p><p>&#8211; 3 vermelhos usados para os ataques<br \/>&#8211; 3 amarelos usados para as defesas<\/p><p><strong>Regras do jogo<\/strong><br \/><br \/>O jogo \u00e9 disputado em um mapa do mundo dividido em 6 regi\u00f5es (Europa, \u00c1sia, \u00c1frica, Am\u00e9rica do Norte, Am\u00e9rica do Sul e Oceania). Cada jogador recebe uma carta com uma determinado miss\u00e3o e, ganha quem a completar primeiro.[10]<\/p><p>\u00c9 disputado em rodadas conforme os n\u00fameros dos dados, nas quais os participantes colocam ex\u00e9rcitos (as pe\u00e7as menores) e atacam outros oponentes. Uma partida pode durar v\u00e1rias horas, com disputas, regidas pela estrat\u00e9gia dos jogadores e pela sorte lan\u00e7ada nos dados.<\/p><p>Cada participante pode atacar partindo de um ou v\u00e1rios territ\u00f3rios, conforme a estrat\u00e9gia pessoal. Se ele quiser atacar de mais de um territ\u00f3rio, ele deve indicar antes territ\u00f3rio de onde partir\u00e1 o ataque e contra qual territ\u00f3rio ser\u00e1 feito. Ap\u00f3s finalizado o primeiro ataque, poder\u00e1 iniciar outro a partir de qualquer territ\u00f3rio que lhe perten\u00e7a.[10] O ataque, a partir de um territ\u00f3rio, somente pode ser executado em um territ\u00f3rio advers\u00e1rio que tenha fronteiras em comum, ou se est\u00e3o ligado atrav\u00e9s de uma linha pontilhada.[10] Cada jogador pode atacar um territ\u00f3rio advers\u00e1rio quantas vezes achar necess\u00e1rio para conquista-lo, at\u00e9 ficar s\u00f3 um ex\u00e9rcito no seu territ\u00f3rio ou, at\u00e9 quando achar conveniente n\u00e3o atacar.[10]<\/p><p>No ataque, o n\u00famero de ex\u00e9rcitos que o jogador usar\u00e1 em cada batalha, ser\u00e1 igual ao n\u00famero de ex\u00e9rcitos situados no territ\u00f3rio atacante &#8211; 1 (menos um), que \u00e9 o ex\u00e9rcito de ocupa\u00e7\u00e3o.[10] Onde 3 \u00e9 o n\u00famero m\u00e1ximo de ex\u00e9rcitos participantes em cada ataque, mesmo que o n\u00famero de ex\u00e9rcitos possu\u00eddos no territ\u00f3rio seja superior.[10] O jogador atacante jogar\u00e1 a quantidade de dados igual aos ex\u00e9rcitos participantes da batalha, o mesmo ocorrendo com o jogador da defesa.[10] Assim, se o atacante usar 3 ex\u00e9rcitos contra um da defesa, ele jogar\u00e1 3 dados contra um do defensor. Na defesa, o n\u00famero de ex\u00e9rcitos que o jogador usar\u00e1, \u00e9 de no m\u00e1ximo 3 e no m\u00ednimo 1 (podendo utilizar inclusive o ex\u00e9rcito de ocupa\u00e7\u00e3o).[10]<\/p>\t\t\t\t\t\t<\/div>\n\t\t\t\t<\/div>\n\t\t\t\t\t<\/div>\n\t\t<\/div>\n\t\t\t\t\t\t\t<\/div>\n\t\t<\/section>\n\t\t\t\t\t\t<\/div>\n\t\t\t\t\t<\/div>\n\t\t","protected":false},"excerpt":{"rendered":"<p>Caixa em estado mediano, e cartas um pouco amassadas por conta dos anos de uso.<br \/>\nJogo com todas as cartas (inclusive duas substitutas, caso se perdesse as originais).<br \/>\nTodas as fotos, com TODOS os itens do jogo completo.<\/p>\n","protected":false},"featured_media":201,"comment_status":"open","ping_status":"closed","template":"","meta":{"spay_email":""},"product_cat":[37],"product_tag":[36,35,34,33],"_links":{"self":[{"href":"http:\/\/oficinadamoda.com.br\/brecho\/wp-json\/wp\/v2\/product\/200"}],"collection":[{"href":"http:\/\/oficinadamoda.com.br\/brecho\/wp-json\/wp\/v2\/product"}],"about":[{"href":"http:\/\/oficinadamoda.com.br\/brecho\/wp-json\/wp\/v2\/types\/product"}],"replies":[{"embeddable":true,"href":"http:\/\/oficinadamoda.com.br\/brecho\/wp-json\/wp\/v2\/comments?post=200"}],"version-history":[{"count":23,"href":"http:\/\/oficinadamoda.com.br\/brecho\/wp-json\/wp\/v2\/product\/200\/revisions"}],"predecessor-version":[{"id":647,"href":"http:\/\/oficinadamoda.com.br\/brecho\/wp-json\/wp\/v2\/product\/200\/revisions\/647"}],"wp:featuredmedia":[{"embeddable":true,"href":"http:\/\/oficinadamoda.com.br\/brecho\/wp-json\/wp\/v2\/media\/201"}],"wp:attachment":[{"href":"http:\/\/oficinadamoda.com.br\/brecho\/wp-json\/wp\/v2\/media?parent=200"}],"wp:term":[{"taxonomy":"product_cat","embeddable":true,"href":"http:\/\/oficinadamoda.com.br\/brecho\/wp-json\/wp\/v2\/product_cat?post=200"},{"taxonomy":"product_tag","embeddable":true,"href":"http:\/\/oficinadamoda.com.br\/brecho\/wp-json\/wp\/v2\/product_tag?post=200"}],"curies":[{"name":"wp","href":"https:\/\/api.w.org\/{rel}","templated":true}]}}